{"id":24,"date":"2025-09-25T08:32:25","date_gmt":"2025-09-25T08:32:25","guid":{"rendered":"https:\/\/leenalaunila.fi\/tietoa-meista\/"},"modified":"2026-03-25T11:56:30","modified_gmt":"2026-03-25T11:56:30","slug":"tietoa-minusta","status":"publish","type":"page","link":"https:\/\/leenalaunila.fi\/sv\/tietoa-minusta\/","title":{"rendered":"Om mig"},"content":{"rendered":"<div class=\"wp-block-group alignfull has-background-background-color has-background has-global-padding is-layout-constrained wp-container-core-group-is-layout-7276a2bb wp-block-group-is-layout-constrained\" id=\"tietoa\" style=\"margin-top:0;margin-bottom:0;padding-top:var(--wp--preset--spacing--60);padding-right:var(--wp--preset--spacing--30);padding-bottom:var(--wp--preset--spacing--60);padding-left:var(--wp--preset--spacing--30)\">\n<div class=\"wp-block-columns alignwide is-layout-flex wp-container-core-columns-is-layout-47c06fe3 wp-block-columns-is-layout-flex\">\n<div class=\"wp-block-column is-layout-flow wp-container-core-column-is-layout-119bc444 wp-block-column-is-layout-flow\" style=\"flex-basis:60%\">\n<h2 class=\"wp-block-heading\">Leena Launila<\/h2>\n\n\n\n<div class=\"wp-block-group has-global-padding is-layout-constrained wp-block-group-is-layout-constrained\">\n<p class=\"has-medium-font-size\" style=\"margin-top:16px\">Jag \u00e4r Leena, en violinist och fioll\u00e4rare fr\u00e5n \u00c5bo. Jag tog magisterexamen vid Sibelius-Akademin \u00e5r 2009 med fiol som huvudinstrument. I mina studier ingick \u00e4ven instrumentl\u00e4rares pedagogiska studier. Efter det har jag studerat vid Kungliga musikh\u00f6gskolan i Stockholm och jobbat som fioll\u00e4rare b\u00e5de privat och i Kulturskolan Stockholm. 2025 flyttade jag tillbaka till \u00c5bo och nu \u00e4r jag redo f\u00f6r att erbjuda dig lektioner och musikupplevelser!<\/p>\n<\/div>\n\n\n\n<p class=\"has-medium-font-size\" style=\"margin-top:16px\">Jag har haft elever i alla \u00e5ldrar, fr\u00e5n 3-\u00e5ringar till \u00f6ver 80-\u00e5ringar, fr\u00e5n nyb\u00f6rjare till elever som siktar p\u00e5 yrkesutbildningar i musik. Jag har erfarenhet av b\u00e5de individuell och gruppundervisning och jag har \u00e4ven arbetat som str\u00e5korkesterledare. Jag spelar och undervisar i b\u00e5de fiol och altfiol.<\/p>\n\n\n\n<p class=\"has-medium-font-size\" style=\"margin-top:16px\">Mitt modersm\u00e5l \u00e4r finska men jag har bott och arbetat l\u00e4nge i Sverige s\u00e5 jag undervisar g\u00e4rna p\u00e5 svenska!<\/p>\n\n\n\n<div class=\"wp-block-buttons is-content-justification-left is-layout-flex wp-container-core-buttons-is-layout-fc4fd283 wp-block-buttons-is-layout-flex\">\n<div class=\"wp-block-button is-style-outline is-style-outline--1\"><a class=\"wp-block-button__link wp-element-button\" href=\"https:\/\/leenalaunila.fi\/sv\/palvelut\/\">Mina tj\u00e4nster<\/a><\/div>\n<\/div>\n<\/div>\n\n\n\n<div class=\"wp-block-column is-vertically-aligned-top is-layout-flow wp-container-core-column-is-layout-f5bb311e wp-block-column-is-layout-flow\" style=\"flex-basis:50%\">\n<figure class=\"wp-block-image size-full has-custom-border\"><img loading=\"lazy\" decoding=\"async\" width=\"768\" height=\"1022\" src=\"https:\/\/leenalaunila.fi\/wp-content\/uploads\/2025\/09\/B84210DE-E318-40E7-B4D5-F0F8575B94B0_1_105_c.jpeg\" alt=\"\" class=\"wp-image-58\" style=\"border-radius:1.5rem;aspect-ratio:1;object-fit:cover\" srcset=\"https:\/\/leenalaunila.fi\/wp-content\/uploads\/2025\/09\/B84210DE-E318-40E7-B4D5-F0F8575B94B0_1_105_c.jpeg 768w, https:\/\/leenalaunila.fi\/wp-content\/uploads\/2025\/09\/B84210DE-E318-40E7-B4D5-F0F8575B94B0_1_105_c-225x300.jpeg 225w\" sizes=\"auto, (max-width: 768px) 100vw, 768px\" \/><\/figure>\n<\/div>\n<\/div>\n<\/div>\n\n\n\n<div class=\"wp-block-group alignfull has-background-background-color has-background has-global-padding is-layout-constrained wp-container-core-group-is-layout-fb85e995 wp-block-group-is-layout-constrained\" style=\"margin-top:0;margin-bottom:0;padding-top:var(--wp--preset--spacing--60);padding-right:var(--wp--preset--spacing--30);padding-bottom:var(--wp--preset--spacing--60);padding-left:var(--wp--preset--spacing--30)\"><\/div>","protected":false},"excerpt":{"rendered":"<p>Leena Launila Olen Leena, turkulainen viulisti ja viulunsoitonopettaja. Valmistuin musiikin maisteriksi Sibelius-Akatemiasta vuonna 2009 viulunsoitto p\u00e4\u00e4aineenani. Opintoihini kuuluivat my\u00f6s instrumenttiopettajan pedagogiset opinnot. Sen j\u00e4lkeen olen opiskellut Tukholman Kuninkaallisessa musiikkikorkeakoulussa ja ty\u00f6skennellyt viulunsoitonopettajana Tukholmassa sek\u00e4 omassa yrityksess\u00e4 ett\u00e4 Tukholman kaupungin kulttuurikoulussa. Vuonna 2025 muutin takaisin Turkuun ja olen valmis tarjoamaan soittotunteja ja musiikkiel\u00e4myksi\u00e4 juuri sinulle! Olen [&hellip;]<\/p>\n","protected":false},"author":1,"featured_media":0,"parent":0,"menu_order":0,"comment_status":"closed","ping_status":"closed","template":"page-with-title","meta":{"footnotes":""},"class_list":["post-24","page","type-page","status-publish","hentry"],"_links":{"self":[{"href":"https:\/\/leenalaunila.fi\/sv\/wp-json\/wp\/v2\/pages\/24","targetHints":{"allow":["GET"]}}],"collection":[{"href":"https:\/\/leenalaunila.fi\/sv\/wp-json\/wp\/v2\/pages"}],"about":[{"href":"https:\/\/leenalaunila.fi\/sv\/wp-json\/wp\/v2\/types\/page"}],"author":[{"embeddable":true,"href":"https:\/\/leenalaunila.fi\/sv\/wp-json\/wp\/v2\/users\/1"}],"replies":[{"embeddable":true,"href":"https:\/\/leenalaunila.fi\/sv\/wp-json\/wp\/v2\/comments?post=24"}],"version-history":[{"count":10,"href":"https:\/\/leenalaunila.fi\/sv\/wp-json\/wp\/v2\/pages\/24\/revisions"}],"predecessor-version":[{"id":175,"href":"https:\/\/leenalaunila.fi\/sv\/wp-json\/wp\/v2\/pages\/24\/revisions\/175"}],"wp:attachment":[{"href":"https:\/\/leenalaunila.fi\/sv\/wp-json\/wp\/v2\/media?parent=24"}],"curies":[{"name":"wp","href":"https:\/\/api.w.org\/{rel}","templated":true}]}}