{"id":26,"date":"2025-09-25T08:32:26","date_gmt":"2025-09-25T08:32:26","guid":{"rendered":"https:\/\/leenalaunila.fi\/koti\/"},"modified":"2026-03-25T11:57:51","modified_gmt":"2026-03-25T11:57:51","slug":"koti","status":"publish","type":"page","link":"https:\/\/leenalaunila.fi\/sv\/","title":{"rendered":"Viulutunnit Turussa"},"content":{"rendered":"<div class=\"wp-block-group alignfull has-background-background-color has-background has-global-padding is-layout-constrained wp-container-core-group-is-layout-32bf4a2f wp-block-group-is-layout-constrained\" style=\"border-bottom-color:var(--wp--preset--color--background);border-bottom-width:1px;margin-top:0;margin-bottom:0;padding-top:0;padding-right:0;padding-bottom:var(--wp--preset--spacing--50);padding-left:0\">\n<div class=\"wp-block-columns alignfull is-layout-flex wp-container-core-columns-is-layout-28232c24 wp-block-columns-is-layout-flex\">\n<div class=\"wp-block-column is-vertically-aligned-stretch is-layout-flow wp-block-column-is-layout-flow\">\n<div class=\"wp-block-cover\" style=\"border-top-right-radius:1.5rem;border-bottom-right-radius:1.5rem;padding-top:var(--wp--preset--spacing--60);padding-bottom:var(--wp--preset--spacing--60);min-height:100%;aspect-ratio:unset;\"><img loading=\"lazy\" decoding=\"async\" width=\"1440\" height=\"960\" class=\"wp-block-cover__image-background wp-image-168\" alt=\"\" src=\"https:\/\/leenalaunila.fi\/wp-content\/uploads\/2025\/10\/000a72f4271378fbe0bfb6b5e36102c3a4f6a3c9.jpg\" data-object-fit=\"cover\" srcset=\"https:\/\/leenalaunila.fi\/wp-content\/uploads\/2025\/10\/000a72f4271378fbe0bfb6b5e36102c3a4f6a3c9.jpg 1440w, https:\/\/leenalaunila.fi\/wp-content\/uploads\/2025\/10\/000a72f4271378fbe0bfb6b5e36102c3a4f6a3c9-300x200.jpg 300w, https:\/\/leenalaunila.fi\/wp-content\/uploads\/2025\/10\/000a72f4271378fbe0bfb6b5e36102c3a4f6a3c9-1024x683.jpg 1024w, https:\/\/leenalaunila.fi\/wp-content\/uploads\/2025\/10\/000a72f4271378fbe0bfb6b5e36102c3a4f6a3c9-768x512.jpg 768w, https:\/\/leenalaunila.fi\/wp-content\/uploads\/2025\/10\/000a72f4271378fbe0bfb6b5e36102c3a4f6a3c9-18x12.jpg 18w\" sizes=\"auto, (max-width: 1440px) 100vw, 1440px\" \/><span aria-hidden=\"true\" class=\"wp-block-cover__background has-background-dim-0 has-background-dim\"><\/span><div class=\"wp-block-cover__inner-container has-global-padding is-layout-constrained wp-block-cover-is-layout-constrained\">\n<div style=\"height:380px\" aria-hidden=\"true\" class=\"wp-block-spacer\"><\/div>\n<\/div><\/div>\n<\/div>\n\n\n\n<div class=\"wp-block-column is-vertically-aligned-center is-layout-flow wp-container-core-column-is-layout-8a368f38 wp-block-column-is-layout-flow\">\n<div class=\"wp-block-group alignfull is-vertical is-layout-flex wp-container-core-group-is-layout-fe9cc265 wp-block-group-is-layout-flex\">\n<div class=\"wp-block-group alignfull has-global-padding is-content-justification-center is-layout-constrained wp-container-core-group-is-layout-9d1f10e4 wp-block-group-is-layout-constrained\" style=\"padding-top:var(--wp--preset--spacing--80);padding-right:var(--wp--preset--spacing--40);padding-bottom:var(--wp--preset--spacing--80);padding-left:var(--wp--preset--spacing--40)\">\n<h1 class=\"wp-block-heading\">Professionell och inspirerande fiolundervisning i \u00c5bo<\/h1>\n\n\n\n<p style=\"margin-top:16px\">Vill du l\u00e4ra dig att spela fiol eller forts\u00e4tta spela efter en paus? V\u00e4lkommen till mina fiollektioner!<\/p>\n\n\n\n<div class=\"wp-block-buttons is-content-justification-left is-layout-flex wp-container-core-buttons-is-layout-3535db69 wp-block-buttons-is-layout-flex\" style=\"margin-top:var(--wp--preset--spacing--30)\">\n<div class=\"wp-block-button\"><a class=\"wp-block-button__link wp-element-button\" href=\"https:\/\/leenalaunila.fi\/sv\/palvelut\/\">L\u00e4s mer<\/a><\/div>\n<\/div>\n<\/div>\n<\/div>\n<\/div>\n<\/div>\n<\/div>\n\n\n\n<div class=\"wp-block-group alignfull has-tertiary-background-color has-background has-global-padding is-layout-constrained wp-container-core-group-is-layout-7276a2bb wp-block-group-is-layout-constrained\" style=\"margin-top:0;margin-bottom:0;padding-top:var(--wp--preset--spacing--60);padding-right:var(--wp--preset--spacing--30);padding-bottom:var(--wp--preset--spacing--60);padding-left:var(--wp--preset--spacing--30)\">\n<div class=\"wp-block-group alignwide has-background-background-color has-background is-content-justification-space-between is-layout-flex wp-container-core-group-is-layout-4be20cc5 wp-block-group-is-layout-flex\" style=\"border-radius:1rem;padding-top:var(--wp--preset--spacing--50);padding-right:var(--wp--preset--spacing--50);padding-bottom:var(--wp--preset--spacing--50);padding-left:var(--wp--preset--spacing--50)\">\n<div class=\"wp-block-group has-global-padding is-layout-constrained wp-block-group-is-layout-constrained\">\n<h2 class=\"wp-block-heading has-large-font-size\">V\u00e4lkommen att spela med mig!<\/h2>\n\n\n\n<p style=\"margin-top:16px\">Boka en fiollektion och p\u00e5b\u00f6rja din musikaliska resa i \u00c5bo. \u00c4ven altfiollektioner!<\/p>\n\n\n\n<p>Nya elever f\u00e5r en prova p\u00e5 -lektion till halva priset! <\/p>\n\n\n\n<div class=\"wp-block-buttons is-layout-flex wp-block-buttons-is-layout-flex\">\n<div class=\"wp-block-button\"><a class=\"wp-block-button__link wp-element-button\" href=\"http:\/\/leenalaunila.fi\/sv\/hinnasto\/\">Se priserna h\u00e4r<\/a><\/div>\n<\/div>\n<\/div>\n\n\n\n<div class=\"wp-block-buttons is-content-justification-left is-layout-flex wp-container-core-buttons-is-layout-82056a45 wp-block-buttons-is-layout-flex\">\n<div class=\"wp-block-button\"><a class=\"wp-block-button__link wp-element-button\" href=\"https:\/\/leenalaunila.fi\/sv\/yhteystiedot\/\">Kontakta mig!<\/a><\/div>\n<\/div>\n<\/div>\n<\/div>","protected":false},"excerpt":{"rendered":"<p>Ammattitaitoista ja innostavaa viulunsoiton opetusta Turussa Haluatko oppia soittamaan viulua tai palata viulunsoiton pariin tauon j\u00e4lkeen? Tervetuloa viulutunneilleni! Tervetuloa soittamaan! Varaa viulutunti ja aloita musiikillinen matkasi Turussa. My\u00f6s alttoviulutunnit! Uusille oppilaille tutustumiskerta puoleen hintaan!<\/p>","protected":false},"author":1,"featured_media":0,"parent":0,"menu_order":0,"comment_status":"closed","ping_status":"closed","template":"no-title","meta":{"footnotes":""},"class_list":["post-26","page","type-page","status-publish","hentry"],"_links":{"self":[{"href":"https:\/\/leenalaunila.fi\/sv\/wp-json\/wp\/v2\/pages\/26","targetHints":{"allow":["GET"]}}],"collection":[{"href":"https:\/\/leenalaunila.fi\/sv\/wp-json\/wp\/v2\/pages"}],"about":[{"href":"https:\/\/leenalaunila.fi\/sv\/wp-json\/wp\/v2\/types\/page"}],"author":[{"embeddable":true,"href":"https:\/\/leenalaunila.fi\/sv\/wp-json\/wp\/v2\/users\/1"}],"replies":[{"embeddable":true,"href":"https:\/\/leenalaunila.fi\/sv\/wp-json\/wp\/v2\/comments?post=26"}],"version-history":[{"count":12,"href":"https:\/\/leenalaunila.fi\/sv\/wp-json\/wp\/v2\/pages\/26\/revisions"}],"predecessor-version":[{"id":176,"href":"https:\/\/leenalaunila.fi\/sv\/wp-json\/wp\/v2\/pages\/26\/revisions\/176"}],"wp:attachment":[{"href":"https:\/\/leenalaunila.fi\/sv\/wp-json\/wp\/v2\/media?parent=26"}],"curies":[{"name":"wp","href":"https:\/\/api.w.org\/{rel}","templated":true}]}}